{"id":4056,"date":"2025-02-11T17:27:44","date_gmt":"2025-02-11T22:27:44","guid":{"rendered":"https:\/\/sorellaviveligero.com\/?page_id=4056"},"modified":"2025-02-25T19:39:32","modified_gmt":"2025-02-26T00:39:32","slug":"quienes-somos","status":"publish","type":"page","link":"https:\/\/sorellaviveligero.com\/en\/quienes-somos\/","title":{"rendered":"Quienes somos | About-us"},"content":{"rendered":"<div data-elementor-type=\"wp-page\" data-elementor-id=\"4056\" class=\"elementor elementor-4056\">\n\t\t\t\t<div class=\"elementor-element elementor-element-ddad695 e-con-full e-flex e-con e-parent\" data-id=\"ddad695\" data-element_type=\"container\">\n\t\t<div class=\"elementor-element elementor-element-532832a e-flex e-con-boxed e-con e-child\" data-id=\"532832a\" data-element_type=\"container\" data-settings=\"{&quot;position&quot;:&quot;absolute&quot;}\">\n\t\t\t\t\t<div class=\"e-con-inner\">\n\t\t\t\t<div class=\"elementor-element elementor-element-f6c404b image-vidi elementor-widget elementor-widget-image\" data-id=\"f6c404b\" data-element_type=\"widget\" data-widget_type=\"image.default\">\n\t\t\t\t<div class=\"elementor-widget-container\">\n\t\t\t\t\t\t\t\t\t\t\t\t\t\t\t<img fetchpriority=\"high\" decoding=\"async\" width=\"378\" height=\"391\" src=\"https:\/\/sorellaviveligero.com\/wp-content\/uploads\/2025\/02\/vd.jpg\" class=\"attachment-medium_large size-medium_large wp-image-4200\" alt=\"\" srcset=\"https:\/\/sorellaviveligero.com\/wp-content\/uploads\/2025\/02\/vd.jpg 378w, https:\/\/sorellaviveligero.com\/wp-content\/uploads\/2025\/02\/vd-290x300.jpg 290w, https:\/\/sorellaviveligero.com\/wp-content\/uploads\/2025\/02\/vd-12x12.jpg 12w\" sizes=\"(max-width: 378px) 100vw, 378px\" \/>\t\t\t\t\t\t\t\t\t\t\t\t\t\t\t<\/div>\n\t\t\t\t<\/div>\n\t\t\t\t<div class=\"elementor-element elementor-element-d9995b0 elementor-widget elementor-widget-heading\" data-id=\"d9995b0\" data-element_type=\"widget\" data-widget_type=\"heading.default\">\n\t\t\t\t<div class=\"elementor-widget-container\">\n\t\t\t\t\t<h1 class=\"elementor-heading-title elementor-size-default\">NOSOTROS SOMOS<\/h1>\t\t\t\t<\/div>\n\t\t\t\t<\/div>\n\t\t\t\t<div class=\"elementor-element elementor-element-f7ef20f elementor-widget elementor-widget-image\" data-id=\"f7ef20f\" data-element_type=\"widget\" id=\"logo\" data-widget_type=\"image.default\">\n\t\t\t\t<div class=\"elementor-widget-container\">\n\t\t\t\t\t\t\t\t\t\t\t\t\t\t\t<img decoding=\"async\" data-src=\"https:\/\/sorellaviveligero.com\/wp-content\/uploads\/elementor\/thumbs\/LOGO-w-r1nbbgek7lq1guzq7gw74vmzjzdz3r5vdt8gzob9b2.png\" title=\"LOGO-SORELLA\" alt=\"LOGO-SORELLA\" src=\"data:image\/svg+xml;base64,PHN2ZyB3aWR0aD0iMSIgaGVpZ2h0PSIxIiB4bWxucz0iaHR0cDovL3d3dy53My5vcmcvMjAwMC9zdmciPjwvc3ZnPg==\" class=\"lazyload\" style=\"--smush-placeholder-width: 400px; --smush-placeholder-aspect-ratio: 400\/99;\" \/>\t\t\t\t\t\t\t\t\t\t\t\t\t\t\t<\/div>\n\t\t\t\t<\/div>\n\t\t\t\t\t<\/div>\n\t\t\t\t<\/div>\n\t\t\t\t<div class=\"elementor-element elementor-element-f5e62dc elementor-widget elementor-widget-image\" data-id=\"f5e62dc\" data-element_type=\"widget\" data-widget_type=\"image.default\">\n\t\t\t\t<div class=\"elementor-widget-container\">\n\t\t\t\t\t\t\t\t\t\t\t\t\t\t\t<img decoding=\"async\" width=\"1709\" height=\"2560\" data-src=\"https:\/\/sorellaviveligero.com\/wp-content\/uploads\/2025\/02\/about-us-1-scaled.jpg\" class=\"attachment-full size-full wp-image-4187 lazyload\" alt=\"about-us-2\" data-srcset=\"https:\/\/sorellaviveligero.com\/wp-content\/uploads\/2025\/02\/about-us-1-scaled.jpg 1709w, https:\/\/sorellaviveligero.com\/wp-content\/uploads\/2025\/02\/about-us-1-200x300.jpg 200w, https:\/\/sorellaviveligero.com\/wp-content\/uploads\/2025\/02\/about-us-1-683x1024.jpg 683w, https:\/\/sorellaviveligero.com\/wp-content\/uploads\/2025\/02\/about-us-1-768x1151.jpg 768w, https:\/\/sorellaviveligero.com\/wp-content\/uploads\/2025\/02\/about-us-1-1025x1536.jpg 1025w, https:\/\/sorellaviveligero.com\/wp-content\/uploads\/2025\/02\/about-us-1-1367x2048.jpg 1367w, https:\/\/sorellaviveligero.com\/wp-content\/uploads\/2025\/02\/about-us-1-8x12.jpg 8w\" data-sizes=\"(max-width: 1709px) 100vw, 1709px\" src=\"data:image\/svg+xml;base64,PHN2ZyB3aWR0aD0iMSIgaGVpZ2h0PSIxIiB4bWxucz0iaHR0cDovL3d3dy53My5vcmcvMjAwMC9zdmciPjwvc3ZnPg==\" style=\"--smush-placeholder-width: 1709px; --smush-placeholder-aspect-ratio: 1709\/2560;\" \/>\t\t\t\t\t\t\t\t\t\t\t\t\t\t\t<\/div>\n\t\t\t\t<\/div>\n\t\t\t\t<\/div>\n\t\t<div class=\"elementor-element elementor-element-4961afc e-flex e-con-boxed e-con e-parent\" data-id=\"4961afc\" data-element_type=\"container\">\n\t\t\t\t\t<div class=\"e-con-inner\">\n\t\t\t\t<div class=\"elementor-element elementor-element-2f8e0b3 elementor-widget elementor-widget-text-editor\" data-id=\"2f8e0b3\" data-element_type=\"widget\" data-widget_type=\"text-editor.default\">\n\t\t\t\t<div class=\"elementor-widget-container\">\n\t\t\t\t\t\t\t\t\t<p>Sorella es m\u00e1s que un lugar para quedarse; es un estilo de vida dise\u00f1ado para quienes persiguen sus sue\u00f1os y buscan moverse con libertad, sin ataduras, hasta encontrar su lugar ideal en el mundo.<\/p><p>Aqu\u00ed, la flexibilidad es clave. Te ofrecemos contratos simples y adaptables, para que te quedes el tiempo que necesites, sin preocuparte por mudanzas o complicaciones.<\/p><p>En Sorella, todo est\u00e1 listo para ti. Hemos pensado en cada detalle para que disfrutes de una experiencia que combina elegancia, ligereza y confort, creando ese equilibrio perfecto que te har\u00e1 sentir en casa desde el primer d\u00eda.<\/p><p>Nuestro espacio ha sido concebido por el equipo de trabajo de la arquitecta Viviana Giraldo, quien ha sabido capturar la esencia de lo que significa vivir bien, aprovechando cada rinc\u00f3n con inteligencia y elegancia. Su visi\u00f3n, que mezcla lujo accesible con un dise\u00f1o acogedor, refleja la dedicaci\u00f3n con la que trata cada proyecto, como si lo dise\u00f1ara para s\u00ed misma. Junto a su hermana Diana, se encargan personalmente de que cada hu\u00e9sped reciba una atenci\u00f3n cercana para que disfrute de una estancia c\u00f3moda y satisfactoria, haciendo de Sorella un verdadero refugio de bienestar y tranquilidad.<\/p>\t\t\t\t\t\t\t\t<\/div>\n\t\t\t\t<\/div>\n\t\t\t\t<div class=\"elementor-element elementor-element-3f9af56 elementor-absolute icon-about-us elementor-widget elementor-widget-image\" data-id=\"3f9af56\" data-element_type=\"widget\" data-settings=\"{&quot;_position&quot;:&quot;absolute&quot;}\" data-widget_type=\"image.default\">\n\t\t\t\t<div class=\"elementor-widget-container\">\n\t\t\t\t\t\t\t\t\t\t\t\t\t\t\t<img decoding=\"async\" width=\"150\" height=\"150\" data-src=\"https:\/\/sorellaviveligero.com\/wp-content\/uploads\/2024\/11\/LOGO-T4-150x150.png\" class=\"attachment-thumbnail size-thumbnail wp-image-2715 lazyload\" alt=\"Icon sorellaviveligero t4\" data-srcset=\"https:\/\/sorellaviveligero.com\/wp-content\/uploads\/2024\/11\/LOGO-T4-150x150.png 150w, https:\/\/sorellaviveligero.com\/wp-content\/uploads\/2024\/11\/LOGO-T4-12x12.png 12w\" data-sizes=\"(max-width: 150px) 100vw, 150px\" src=\"data:image\/svg+xml;base64,PHN2ZyB3aWR0aD0iMSIgaGVpZ2h0PSIxIiB4bWxucz0iaHR0cDovL3d3dy53My5vcmcvMjAwMC9zdmciPjwvc3ZnPg==\" style=\"--smush-placeholder-width: 150px; --smush-placeholder-aspect-ratio: 150\/150;\" \/>\t\t\t\t\t\t\t\t\t\t\t\t\t\t\t<\/div>\n\t\t\t\t<\/div>\n\t\t\t\t\t<\/div>\n\t\t\t\t<\/div>\n\t\t\t\t<\/div>","protected":false},"excerpt":{"rendered":"<p>NOSOTROS SOMOS Sorella es m\u00e1s que un lugar para quedarse; es un estilo de vida dise\u00f1ado para quienes persiguen sus sue\u00f1os y buscan moverse con libertad, sin ataduras, hasta encontrar su lugar ideal en el mundo. Aqu\u00ed, la flexibilidad es clave. Te ofrecemos contratos simples y adaptables, para que te quedes el tiempo que necesites, [&hellip;]<\/p>","protected":false},"author":1,"featured_media":0,"parent":0,"menu_order":0,"comment_status":"closed","ping_status":"closed","template":"","meta":{"_uag_custom_page_level_css":"","site-sidebar-layout":"no-sidebar","site-content-layout":"page-builder","ast-site-content-layout":"full-width-container","site-content-style":"default","site-sidebar-style":"default","ast-global-header-display":"","ast-banner-title-visibility":"","ast-main-header-display":"","ast-hfb-above-header-display":"","ast-hfb-below-header-display":"","ast-hfb-mobile-header-display":"","site-post-title":"disabled","ast-breadcrumbs-content":"","ast-featured-img":"disabled","footer-sml-layout":"","theme-transparent-header-meta":"","adv-header-id-meta":"","stick-header-meta":"","header-above-stick-meta":"","header-main-stick-meta":"","header-below-stick-meta":"","astra-migrate-meta-layouts":"set","ast-page-background-enabled":"default","ast-page-background-meta":{"desktop":{"background-color":"var(--ast-global-color-4)","background-image":"","background-repeat":"repeat","background-position":"center center","background-size":"auto","background-attachment":"scroll","background-type":"","background-media":"","overlay-type":"","overlay-color":"","overlay-opacity":"","overlay-gradient":""},"tablet":{"background-color":"","background-image":"","background-repeat":"repeat","background-position":"center center","background-size":"auto","background-attachment":"scroll","background-type":"","background-media":"","overlay-type":"","overlay-color":"","overlay-opacity":"","overlay-gradient":""},"mobile":{"background-color":"","background-image":"","background-repeat":"repeat","background-position":"center center","background-size":"auto","background-attachment":"scroll","background-type":"","background-media":"","overlay-type":"","overlay-color":"","overlay-opacity":"","overlay-gradient":""}},"ast-content-background-meta":{"desktop":{"background-color":"var(--ast-global-color-5)","background-image":"","background-repeat":"repeat","background-position":"center center","background-size":"auto","background-attachment":"scroll","background-type":"","background-media":"","overlay-type":"","overlay-color":"","overlay-opacity":"","overlay-gradient":""},"tablet":{"background-color":"var(--ast-global-color-5)","background-image":"","background-repeat":"repeat","background-position":"center center","background-size":"auto","background-attachment":"scroll","background-type":"","background-media":"","overlay-type":"","overlay-color":"","overlay-opacity":"","overlay-gradient":""},"mobile":{"background-color":"var(--ast-global-color-5)","background-image":"","background-repeat":"repeat","background-position":"center center","background-size":"auto","background-attachment":"scroll","background-type":"","background-media":"","overlay-type":"","overlay-color":"","overlay-opacity":"","overlay-gradient":""}},"footnotes":""},"class_list":["post-4056","page","type-page","status-publish","hentry"],"uagb_featured_image_src":{"full":false,"thumbnail":false,"medium":false,"medium_large":false,"large":false,"1536x1536":false,"2048x2048":false,"trp-custom-language-flag":false},"uagb_author_info":{"display_name":"on.hosting0@gmail.com","author_link":"https:\/\/sorellaviveligero.com\/en\/author\/on-hosting0gmail-com\/"},"uagb_comment_info":0,"uagb_excerpt":"NOSOTROS SOMOS Sorella es m\u00e1s que un lugar para quedarse; es un estilo de vida dise\u00f1ado para quienes persiguen sus sue\u00f1os y buscan moverse con libertad, sin ataduras, hasta encontrar su lugar ideal en el mundo. Aqu\u00ed, la flexibilidad es clave. Te ofrecemos contratos simples y adaptables, para que te quedes el tiempo que necesites,&hellip;","_links":{"self":[{"href":"https:\/\/sorellaviveligero.com\/en\/wp-json\/wp\/v2\/pages\/4056","targetHints":{"allow":["GET"]}}],"collection":[{"href":"https:\/\/sorellaviveligero.com\/en\/wp-json\/wp\/v2\/pages"}],"about":[{"href":"https:\/\/sorellaviveligero.com\/en\/wp-json\/wp\/v2\/types\/page"}],"author":[{"embeddable":true,"href":"https:\/\/sorellaviveligero.com\/en\/wp-json\/wp\/v2\/users\/1"}],"replies":[{"embeddable":true,"href":"https:\/\/sorellaviveligero.com\/en\/wp-json\/wp\/v2\/comments?post=4056"}],"version-history":[{"count":276,"href":"https:\/\/sorellaviveligero.com\/en\/wp-json\/wp\/v2\/pages\/4056\/revisions"}],"predecessor-version":[{"id":4819,"href":"https:\/\/sorellaviveligero.com\/en\/wp-json\/wp\/v2\/pages\/4056\/revisions\/4819"}],"wp:attachment":[{"href":"https:\/\/sorellaviveligero.com\/en\/wp-json\/wp\/v2\/media?parent=4056"}],"curies":[{"name":"wp","href":"https:\/\/api.w.org\/{rel}","templated":true}]}}