{"id":3670,"date":"2025-01-27T11:12:46","date_gmt":"2025-01-27T16:12:46","guid":{"rendered":"https:\/\/sorellaviveligero.com\/?page_id=3670"},"modified":"2025-02-12T14:25:08","modified_gmt":"2025-02-12T19:25:08","slug":"reservas","status":"publish","type":"page","link":"https:\/\/sorellaviveligero.com\/en\/reservas\/","title":{"rendered":"Reservas | Reserve"},"content":{"rendered":"<div data-elementor-type=\"wp-page\" data-elementor-id=\"3670\" class=\"elementor elementor-3670\">\n\t\t\t\t<div class=\"elementor-element elementor-element-64164de e-grid e-con-boxed e-con e-parent\" data-id=\"64164de\" data-element_type=\"container\">\n\t\t\t\t\t<div class=\"e-con-inner\">\n\t\t\t\t<div class=\"elementor-element elementor-element-46a7a48 elementor-widget elementor-widget-heading\" data-id=\"46a7a48\" data-element_type=\"widget\" data-widget_type=\"heading.default\">\n\t\t\t\t<div class=\"elementor-widget-container\">\n\t\t\t\t\t<h3 class=\"elementor-heading-title elementor-size-default\">You are just steps away from your ideal place <\/h3>\t\t\t\t<\/div>\n\t\t\t\t<\/div>\n\t\t\t\t<div class=\"elementor-element elementor-element-20fb94f elementor-widget elementor-widget-image\" data-id=\"20fb94f\" data-element_type=\"widget\" data-widget_type=\"image.default\">\n\t\t\t\t<div class=\"elementor-widget-container\">\n\t\t\t\t\t\t\t\t\t\t\t\t\t\t\t<img fetchpriority=\"high\" decoding=\"async\" width=\"768\" height=\"191\" src=\"https:\/\/sorellaviveligero.com\/wp-content\/uploads\/2025\/01\/LOGO-768x191.png\" class=\"attachment-medium_large size-medium_large wp-image-3702\" alt=\"LOGO SORELLA\" srcset=\"https:\/\/sorellaviveligero.com\/wp-content\/uploads\/2025\/01\/LOGO-768x191.png 768w, https:\/\/sorellaviveligero.com\/wp-content\/uploads\/2025\/01\/LOGO-300x75.png 300w, https:\/\/sorellaviveligero.com\/wp-content\/uploads\/2025\/01\/LOGO-1024x255.png 1024w, https:\/\/sorellaviveligero.com\/wp-content\/uploads\/2025\/01\/LOGO-18x4.png 18w, https:\/\/sorellaviveligero.com\/wp-content\/uploads\/2025\/01\/LOGO.png 1454w\" sizes=\"(max-width: 768px) 100vw, 768px\" \/>\t\t\t\t\t\t\t\t\t\t\t\t\t\t\t<\/div>\n\t\t\t\t<\/div>\n\t\t\t\t\t<\/div>\n\t\t\t\t<\/div>\n\t\t<div class=\"elementor-element elementor-element-d2311d6 e-con-full e-flex e-con e-parent\" data-id=\"d2311d6\" data-element_type=\"container\" data-settings=\"{&quot;background_background&quot;:&quot;classic&quot;}\">\n\t\t<div class=\"elementor-element elementor-element-8fd7806 e-con-full e-flex e-con e-child\" data-id=\"8fd7806\" data-element_type=\"container\" data-settings=\"{&quot;background_background&quot;:&quot;classic&quot;}\">\n\t\t\t\t<div class=\"elementor-element elementor-element-315676a elementor-widget elementor-widget-image\" data-id=\"315676a\" data-element_type=\"widget\" data-widget_type=\"image.default\">\n\t\t\t\t<div class=\"elementor-widget-container\">\n\t\t\t\t\t\t\t\t\t\t\t\t\t\t\t<img decoding=\"async\" data-src=\"https:\/\/sorellaviveligero.com\/wp-content\/uploads\/elementor\/thumbs\/DSC7092-scaled-r1erf0idxcxw7n72x6cw1n3dqme3o9mxx49g2s5f5s.jpg\" title=\"reserva_sorella\" alt=\"reserva_sorella\" src=\"data:image\/svg+xml;base64,PHN2ZyB3aWR0aD0iMSIgaGVpZ2h0PSIxIiB4bWxucz0iaHR0cDovL3d3dy53My5vcmcvMjAwMC9zdmciPjwvc3ZnPg==\" class=\"lazyload\" style=\"--smush-placeholder-width: 341px; --smush-placeholder-aspect-ratio: 341\/500;\" \/>\t\t\t\t\t\t\t\t\t\t\t\t\t\t\t<\/div>\n\t\t\t\t<\/div>\n\t\t<div class=\"elementor-element elementor-element-d1d8c30 e-grid e-con-full e-con e-child\" data-id=\"d1d8c30\" data-element_type=\"container\">\n\t\t\t\t<div class=\"elementor-element elementor-element-e6c9213 elementor-widget elementor-widget-heading\" data-id=\"e6c9213\" data-element_type=\"widget\" data-widget_type=\"heading.default\">\n\t\t\t\t<div class=\"elementor-widget-container\">\n\t\t\t\t\t<h2 class=\"elementor-heading-title elementor-size-default\">Steps to Book:<\/h2>\t\t\t\t<\/div>\n\t\t\t\t<\/div>\n\t\t<div class=\"elementor-element elementor-element-ac11938 e-con-full e-grid e-con e-child\" data-id=\"ac11938\" data-element_type=\"container\">\n\t\t<div class=\"elementor-element elementor-element-79b27e5 e-con-full e-flex e-con e-child\" data-id=\"79b27e5\" data-element_type=\"container\">\n\t\t\t\t<div class=\"elementor-element elementor-element-1fff1b6 elementor-widget elementor-widget-heading\" data-id=\"1fff1b6\" data-element_type=\"widget\" data-widget_type=\"heading.default\">\n\t\t\t\t<div class=\"elementor-widget-container\">\n\t\t\t\t\t<span class=\"elementor-heading-title elementor-size-default\">01<\/span>\t\t\t\t<\/div>\n\t\t\t\t<\/div>\n\t\t\t\t<div class=\"elementor-element elementor-element-f47351e elementor-widget elementor-widget-heading\" data-id=\"f47351e\" data-element_type=\"widget\" data-widget_type=\"heading.default\">\n\t\t\t\t<div class=\"elementor-widget-container\">\n\t\t\t\t\t<h2 class=\"elementor-heading-title elementor-size-default\">Select<\/h2>\t\t\t\t<\/div>\n\t\t\t\t<\/div>\n\t\t\t\t<div class=\"elementor-element elementor-element-0ef8b8a desc-step-reserve elementor-widget elementor-widget-text-editor\" data-id=\"0ef8b8a\" data-element_type=\"widget\" data-widget_type=\"text-editor.default\">\n\t\t\t\t<div class=\"elementor-widget-container\">\n\t\t\t\t\t\t\t\t\t<p>Choose room or apartment.<\/p>\t\t\t\t\t\t\t\t<\/div>\n\t\t\t\t<\/div>\n\t\t\t\t<\/div>\n\t\t<div class=\"elementor-element elementor-element-b4d7a30 e-con-full e-flex e-con e-child\" data-id=\"b4d7a30\" data-element_type=\"container\">\n\t\t\t\t<div class=\"elementor-element elementor-element-64751a9 elementor-widget elementor-widget-heading\" data-id=\"64751a9\" data-element_type=\"widget\" data-widget_type=\"heading.default\">\n\t\t\t\t<div class=\"elementor-widget-container\">\n\t\t\t\t\t<span class=\"elementor-heading-title elementor-size-default\">02<\/span>\t\t\t\t<\/div>\n\t\t\t\t<\/div>\n\t\t\t\t<div class=\"elementor-element elementor-element-cbfc606 elementor-widget elementor-widget-heading\" data-id=\"cbfc606\" data-element_type=\"widget\" data-widget_type=\"heading.default\">\n\t\t\t\t<div class=\"elementor-widget-container\">\n\t\t\t\t\t<h2 class=\"elementor-heading-title elementor-size-default\">Pay<\/h2>\t\t\t\t<\/div>\n\t\t\t\t<\/div>\n\t\t\t\t<div class=\"elementor-element elementor-element-d6ac58a desc-step-reserve elementor-widget elementor-widget-text-editor\" data-id=\"d6ac58a\" data-element_type=\"widget\" data-widget_type=\"text-editor.default\">\n\t\t\t\t<div class=\"elementor-widget-container\">\n\t\t\t\t\t\t\t\t\t<p>Deposit the payment (50% of the rent).<\/p>\t\t\t\t\t\t\t\t<\/div>\n\t\t\t\t<\/div>\n\t\t\t\t<\/div>\n\t\t<div class=\"elementor-element elementor-element-1f4fe8a e-con-full e-flex e-con e-child\" data-id=\"1f4fe8a\" data-element_type=\"container\">\n\t\t\t\t<div class=\"elementor-element elementor-element-6a78a78 elementor-widget elementor-widget-heading\" data-id=\"6a78a78\" data-element_type=\"widget\" data-widget_type=\"heading.default\">\n\t\t\t\t<div class=\"elementor-widget-container\">\n\t\t\t\t\t<span class=\"elementor-heading-title elementor-size-default\">03<\/span>\t\t\t\t<\/div>\n\t\t\t\t<\/div>\n\t\t\t\t<div class=\"elementor-element elementor-element-e6f3315 elementor-widget elementor-widget-heading\" data-id=\"e6f3315\" data-element_type=\"widget\" data-widget_type=\"heading.default\">\n\t\t\t\t<div class=\"elementor-widget-container\">\n\t\t\t\t\t<h2 class=\"elementor-heading-title elementor-size-default\">Attach<\/h2>\t\t\t\t<\/div>\n\t\t\t\t<\/div>\n\t\t\t\t<div class=\"elementor-element elementor-element-6c8771b desc-step-reserve elementor-widget elementor-widget-text-editor\" data-id=\"6c8771b\" data-element_type=\"widget\" data-widget_type=\"text-editor.default\">\n\t\t\t\t<div class=\"elementor-widget-container\">\n\t\t\t\t\t\t\t\t\t<p>Send basic documentation.<\/p>\t\t\t\t\t\t\t\t<\/div>\n\t\t\t\t<\/div>\n\t\t\t\t<\/div>\n\t\t<div class=\"elementor-element elementor-element-9f4e254 e-con-full e-flex e-con e-child\" data-id=\"9f4e254\" data-element_type=\"container\">\n\t\t\t\t<div class=\"elementor-element elementor-element-ee88ce9 elementor-widget elementor-widget-heading\" data-id=\"ee88ce9\" data-element_type=\"widget\" data-widget_type=\"heading.default\">\n\t\t\t\t<div class=\"elementor-widget-container\">\n\t\t\t\t\t<span class=\"elementor-heading-title elementor-size-default\">04<\/span>\t\t\t\t<\/div>\n\t\t\t\t<\/div>\n\t\t\t\t<div class=\"elementor-element elementor-element-1960d3a elementor-widget elementor-widget-heading\" data-id=\"1960d3a\" data-element_type=\"widget\" data-widget_type=\"heading.default\">\n\t\t\t\t<div class=\"elementor-widget-container\">\n\t\t\t\t\t<h2 class=\"elementor-heading-title elementor-size-default\">Sign<\/h2>\t\t\t\t<\/div>\n\t\t\t\t<\/div>\n\t\t\t\t<div class=\"elementor-element elementor-element-110142b desc-step-reserve elementor-widget elementor-widget-text-editor\" data-id=\"110142b\" data-element_type=\"widget\" data-widget_type=\"text-editor.default\">\n\t\t\t\t<div class=\"elementor-widget-container\">\n\t\t\t\t\t\t\t\t\t<p>Sign the contract and pay your first rent.<\/p>\t\t\t\t\t\t\t\t<\/div>\n\t\t\t\t<\/div>\n\t\t\t\t<\/div>\n\t\t<div class=\"elementor-element elementor-element-e51ba47 e-con-full e-flex e-con e-child\" data-id=\"e51ba47\" data-element_type=\"container\">\n\t\t\t\t<div class=\"elementor-element elementor-element-32502db elementor-widget elementor-widget-heading\" data-id=\"32502db\" data-element_type=\"widget\" data-widget_type=\"heading.default\">\n\t\t\t\t<div class=\"elementor-widget-container\">\n\t\t\t\t\t<span class=\"elementor-heading-title elementor-size-default\">05<\/span>\t\t\t\t<\/div>\n\t\t\t\t<\/div>\n\t\t\t\t<div class=\"elementor-element elementor-element-0dda416 elementor-widget elementor-widget-heading\" data-id=\"0dda416\" data-element_type=\"widget\" data-widget_type=\"heading.default\">\n\t\t\t\t<div class=\"elementor-widget-container\">\n\t\t\t\t\t<h2 class=\"elementor-heading-title elementor-size-default\">Enjoy<\/h2>\t\t\t\t<\/div>\n\t\t\t\t<\/div>\n\t\t\t\t<div class=\"elementor-element elementor-element-bef56fd desc-step-reserve elementor-widget elementor-widget-text-editor\" data-id=\"bef56fd\" data-element_type=\"widget\" data-widget_type=\"text-editor.default\">\n\t\t\t\t<div class=\"elementor-widget-container\">\n\t\t\t\t\t\t\t\t\t<p>Feel the charm and enjoy.<\/p>\t\t\t\t\t\t\t\t<\/div>\n\t\t\t\t<\/div>\n\t\t\t\t<\/div>\n\t\t\t\t<\/div>\n\t\t\t\t<\/div>\n\t\t\t\t<\/div>\n\t\t\t\t<\/div>\n\t\t<div class=\"elementor-element elementor-element-95541d7 e-flex e-con-boxed e-con e-parent\" data-id=\"95541d7\" data-element_type=\"container\">\n\t\t\t\t\t<div class=\"e-con-inner\">\n\t\t\t\t<div class=\"elementor-element elementor-element-06fdcd1 elementor-widget elementor-widget-html\" data-id=\"06fdcd1\" data-element_type=\"widget\" data-widget_type=\"html.default\">\n\t\t\t\t<div class=\"elementor-widget-container\">\n\t\t\t\t\t<a style=\"color: #153429;\" target=\"_blank\"\r\n    href=\"https:\/\/www.airbnb.com.co\/users\/show\/404610190\">\r\n    *if you DO NOT wish to leave a deposit, <strong> you can book through Airbnb <\/strong> (the Airbnb service fee will be added to the base rate)\r\n<\/a>\t\t\t\t<\/div>\n\t\t\t\t<\/div>\n\t\t\t\t\t<\/div>\n\t\t\t\t<\/div>\n\t\t\t\t<\/div>","protected":false},"excerpt":{"rendered":"<p>Estas a solo unos pasos de tu lugar ideal Pasos para reservar: 01 Selecciona Elegir habitacion o apartamento. 02 Paga Consignar el dep\u00f3sito (50% del canon). 03 Adjunta Enviar documentaci\u00f3n b\u00e1sica. 04 Firma Firmar el contrato y paga tu primer canon. 05 Disfruta Siente el encanto y disfruta. *si NO desea dejar deposito, puedes reservar [&hellip;]<\/p>","protected":false},"author":1,"featured_media":0,"parent":0,"menu_order":0,"comment_status":"closed","ping_status":"closed","template":"","meta":{"_uag_custom_page_level_css":"","site-sidebar-layout":"no-sidebar","site-content-layout":"page-builder","ast-site-content-layout":"full-width-container","site-content-style":"default","site-sidebar-style":"default","ast-global-header-display":"","ast-banner-title-visibility":"","ast-main-header-display":"","ast-hfb-above-header-display":"","ast-hfb-below-header-display":"","ast-hfb-mobile-header-display":"","site-post-title":"disabled","ast-breadcrumbs-content":"","ast-featured-img":"disabled","footer-sml-layout":"","theme-transparent-header-meta":"","adv-header-id-meta":"","stick-header-meta":"","header-above-stick-meta":"","header-main-stick-meta":"","header-below-stick-meta":"","astra-migrate-meta-layouts":"set","ast-page-background-enabled":"default","ast-page-background-meta":{"desktop":{"background-color":"var(--ast-global-color-4)","background-image":"","background-repeat":"repeat","background-position":"center center","background-size":"auto","background-attachment":"scroll","background-type":"","background-media":"","overlay-type":"","overlay-color":"","overlay-opacity":"","overlay-gradient":""},"tablet":{"background-color":"","background-image":"","background-repeat":"repeat","background-position":"center center","background-size":"auto","background-attachment":"scroll","background-type":"","background-media":"","overlay-type":"","overlay-color":"","overlay-opacity":"","overlay-gradient":""},"mobile":{"background-color":"","background-image":"","background-repeat":"repeat","background-position":"center center","background-size":"auto","background-attachment":"scroll","background-type":"","background-media":"","overlay-type":"","overlay-color":"","overlay-opacity":"","overlay-gradient":""}},"ast-content-background-meta":{"desktop":{"background-color":"var(--ast-global-color-5)","background-image":"","background-repeat":"repeat","background-position":"center center","background-size":"auto","background-attachment":"scroll","background-type":"","background-media":"","overlay-type":"","overlay-color":"","overlay-opacity":"","overlay-gradient":""},"tablet":{"background-color":"var(--ast-global-color-5)","background-image":"","background-repeat":"repeat","background-position":"center center","background-size":"auto","background-attachment":"scroll","background-type":"","background-media":"","overlay-type":"","overlay-color":"","overlay-opacity":"","overlay-gradient":""},"mobile":{"background-color":"var(--ast-global-color-5)","background-image":"","background-repeat":"repeat","background-position":"center center","background-size":"auto","background-attachment":"scroll","background-type":"","background-media":"","overlay-type":"","overlay-color":"","overlay-opacity":"","overlay-gradient":""}},"footnotes":""},"class_list":["post-3670","page","type-page","status-publish","hentry"],"uagb_featured_image_src":{"full":false,"thumbnail":false,"medium":false,"medium_large":false,"large":false,"1536x1536":false,"2048x2048":false,"trp-custom-language-flag":false},"uagb_author_info":{"display_name":"on.hosting0@gmail.com","author_link":"https:\/\/sorellaviveligero.com\/en\/author\/on-hosting0gmail-com\/"},"uagb_comment_info":0,"uagb_excerpt":"Estas a solo unos pasos de tu lugar ideal Pasos para reservar: 01 Selecciona Elegir habitacion o apartamento. 02 Paga Consignar el dep\u00f3sito (50% del canon). 03 Adjunta Enviar documentaci\u00f3n b\u00e1sica. 04 Firma Firmar el contrato y paga tu primer canon. 05 Disfruta Siente el encanto y disfruta. *si NO desea dejar deposito, puedes reservar&hellip;","_links":{"self":[{"href":"https:\/\/sorellaviveligero.com\/en\/wp-json\/wp\/v2\/pages\/3670","targetHints":{"allow":["GET"]}}],"collection":[{"href":"https:\/\/sorellaviveligero.com\/en\/wp-json\/wp\/v2\/pages"}],"about":[{"href":"https:\/\/sorellaviveligero.com\/en\/wp-json\/wp\/v2\/types\/page"}],"author":[{"embeddable":true,"href":"https:\/\/sorellaviveligero.com\/en\/wp-json\/wp\/v2\/users\/1"}],"replies":[{"embeddable":true,"href":"https:\/\/sorellaviveligero.com\/en\/wp-json\/wp\/v2\/comments?post=3670"}],"version-history":[{"count":130,"href":"https:\/\/sorellaviveligero.com\/en\/wp-json\/wp\/v2\/pages\/3670\/revisions"}],"predecessor-version":[{"id":4418,"href":"https:\/\/sorellaviveligero.com\/en\/wp-json\/wp\/v2\/pages\/3670\/revisions\/4418"}],"wp:attachment":[{"href":"https:\/\/sorellaviveligero.com\/en\/wp-json\/wp\/v2\/media?parent=3670"}],"curies":[{"name":"wp","href":"https:\/\/api.w.org\/{rel}","templated":true}]}}