{"id":2779,"date":"2024-11-09T10:02:44","date_gmt":"2024-11-09T15:02:44","guid":{"rendered":"https:\/\/sorellaviveligero.com\/?page_id=2779"},"modified":"2025-02-11T19:14:12","modified_gmt":"2025-02-12T00:14:12","slug":"reglas","status":"publish","type":"page","link":"https:\/\/sorellaviveligero.com\/en\/reglas\/","title":{"rendered":"Reglas"},"content":{"rendered":"<div data-elementor-type=\"wp-page\" data-elementor-id=\"2779\" class=\"elementor elementor-2779\">\n\t\t\t\t<div class=\"elementor-element elementor-element-428afc4 e-flex e-con-boxed e-con e-parent\" data-id=\"428afc4\" data-element_type=\"container\" data-settings=\"{&quot;background_background&quot;:&quot;classic&quot;}\">\n\t\t\t\t\t<div class=\"e-con-inner\">\n\t\t\t\t<div class=\"elementor-element elementor-element-489641d elementor-widget elementor-widget-heading\" data-id=\"489641d\" data-element_type=\"widget\" data-widget_type=\"heading.default\">\n\t\t\t\t<div class=\"elementor-widget-container\">\n\t\t\t\t\t<h1 class=\"elementor-heading-title elementor-size-default\">Reglas de la Casa<\/h1>\t\t\t\t<\/div>\n\t\t\t\t<\/div>\n\t\t\t\t\t<\/div>\n\t\t\t\t<\/div>\n\t\t<div class=\"elementor-element elementor-element-6b70dd8 e-grid e-con-boxed e-con e-parent\" data-id=\"6b70dd8\" data-element_type=\"container\" data-settings=\"{&quot;background_background&quot;:&quot;classic&quot;}\">\n\t\t\t\t\t<div class=\"e-con-inner\">\n\t\t<div class=\"elementor-element elementor-element-52bc270 e-con-full e-flex e-con e-child\" data-id=\"52bc270\" data-element_type=\"container\">\n\t\t<div class=\"elementor-element elementor-element-faa2adc e-con-full e-flex e-con e-child\" data-id=\"faa2adc\" data-element_type=\"container\" data-settings=\"{&quot;background_background&quot;:&quot;classic&quot;}\">\n\t\t\t\t<div class=\"elementor-element elementor-element-9f3bf34 elementor-widget elementor-widget-image\" data-id=\"9f3bf34\" data-element_type=\"widget\" data-widget_type=\"image.default\">\n\t\t\t\t<div class=\"elementor-widget-container\">\n\t\t\t\t\t\t\t\t\t\t\t\t\t\t\t<img decoding=\"async\" width=\"150\" height=\"150\" data-src=\"https:\/\/sorellaviveligero.com\/wp-content\/uploads\/2024\/11\/No-fumar-sorella-150x150.png\" class=\"attachment-thumbnail size-thumbnail wp-image-2959 lazyload\" alt=\"No-fumar-sorella\" data-srcset=\"https:\/\/sorellaviveligero.com\/wp-content\/uploads\/2024\/11\/No-fumar-sorella-150x150.png 150w, https:\/\/sorellaviveligero.com\/wp-content\/uploads\/2024\/11\/No-fumar-sorella-12x12.png 12w\" data-sizes=\"(max-width: 150px) 100vw, 150px\" src=\"data:image\/svg+xml;base64,PHN2ZyB3aWR0aD0iMSIgaGVpZ2h0PSIxIiB4bWxucz0iaHR0cDovL3d3dy53My5vcmcvMjAwMC9zdmciPjwvc3ZnPg==\" style=\"--smush-placeholder-width: 150px; --smush-placeholder-aspect-ratio: 150\/150;\" \/>\t\t\t\t\t\t\t\t\t\t\t\t\t\t\t<\/div>\n\t\t\t\t<\/div>\n\t\t\t\t<\/div>\n\t\t\t\t<div class=\"elementor-element elementor-element-ecb555e elementor-widget elementor-widget-text-editor\" data-id=\"ecb555e\" data-element_type=\"widget\" data-widget_type=\"text-editor.default\">\n\t\t\t\t<div class=\"elementor-widget-container\">\n\t\t\t\t\t\t\t\t\t<p>NO EST\u00c1 PERMITIDO FUMAR EN LAS INSTALACIONES<\/p>\t\t\t\t\t\t\t\t<\/div>\n\t\t\t\t<\/div>\n\t\t\t\t<\/div>\n\t\t<div class=\"elementor-element elementor-element-8de1b34 e-con-full e-flex e-con e-child\" data-id=\"8de1b34\" data-element_type=\"container\">\n\t\t<div class=\"elementor-element elementor-element-b5a217d e-con-full e-flex e-con e-child\" data-id=\"b5a217d\" data-element_type=\"container\" data-settings=\"{&quot;background_background&quot;:&quot;classic&quot;}\">\n\t\t\t\t<div class=\"elementor-element elementor-element-f316f19 elementor-widget elementor-widget-image\" data-id=\"f316f19\" data-element_type=\"widget\" data-widget_type=\"image.default\">\n\t\t\t\t<div class=\"elementor-widget-container\">\n\t\t\t\t\t\t\t\t\t\t\t\t\t\t\t<img decoding=\"async\" width=\"143\" height=\"150\" data-src=\"https:\/\/sorellaviveligero.com\/wp-content\/uploads\/2024\/11\/No-fiestas-sorella-143x150.png\" class=\"attachment-thumbnail size-thumbnail wp-image-2960 lazyload\" alt=\"No-fiestas-sorella\" src=\"data:image\/svg+xml;base64,PHN2ZyB3aWR0aD0iMSIgaGVpZ2h0PSIxIiB4bWxucz0iaHR0cDovL3d3dy53My5vcmcvMjAwMC9zdmciPjwvc3ZnPg==\" style=\"--smush-placeholder-width: 143px; --smush-placeholder-aspect-ratio: 143\/150;\" \/>\t\t\t\t\t\t\t\t\t\t\t\t\t\t\t<\/div>\n\t\t\t\t<\/div>\n\t\t\t\t<\/div>\n\t\t\t\t<div class=\"elementor-element elementor-element-b3b97fe elementor-widget elementor-widget-text-editor\" data-id=\"b3b97fe\" data-element_type=\"widget\" data-widget_type=\"text-editor.default\">\n\t\t\t\t<div class=\"elementor-widget-container\">\n\t\t\t\t\t\t\t\t\tNO SE PERMITE HACER FIESTAS O REUNIONES\t\t\t\t\t\t\t\t<\/div>\n\t\t\t\t<\/div>\n\t\t\t\t<\/div>\n\t\t<div class=\"elementor-element elementor-element-62de2b7 e-con-full e-flex e-con e-child\" data-id=\"62de2b7\" data-element_type=\"container\">\n\t\t<div class=\"elementor-element elementor-element-34da714 e-con-full e-flex e-con e-child\" data-id=\"34da714\" data-element_type=\"container\" data-settings=\"{&quot;background_background&quot;:&quot;classic&quot;}\">\n\t\t\t\t<div class=\"elementor-element elementor-element-b793d5c elementor-widget elementor-widget-image\" data-id=\"b793d5c\" data-element_type=\"widget\" data-widget_type=\"image.default\">\n\t\t\t\t<div class=\"elementor-widget-container\">\n\t\t\t\t\t\t\t\t\t\t\t\t\t\t\t<img decoding=\"async\" width=\"144\" height=\"149\" data-src=\"https:\/\/sorellaviveligero.com\/wp-content\/uploads\/2024\/11\/horarios-descanso-sorella.png\" class=\"attachment-thumbnail size-thumbnail wp-image-2961 lazyload\" alt=\"horarios-descanso-sorella\" data-srcset=\"https:\/\/sorellaviveligero.com\/wp-content\/uploads\/2024\/11\/horarios-descanso-sorella.png 144w, https:\/\/sorellaviveligero.com\/wp-content\/uploads\/2024\/11\/horarios-descanso-sorella-12x12.png 12w\" data-sizes=\"(max-width: 144px) 100vw, 144px\" src=\"data:image\/svg+xml;base64,PHN2ZyB3aWR0aD0iMSIgaGVpZ2h0PSIxIiB4bWxucz0iaHR0cDovL3d3dy53My5vcmcvMjAwMC9zdmciPjwvc3ZnPg==\" style=\"--smush-placeholder-width: 144px; --smush-placeholder-aspect-ratio: 144\/149;\" \/>\t\t\t\t\t\t\t\t\t\t\t\t\t\t\t<\/div>\n\t\t\t\t<\/div>\n\t\t\t\t<\/div>\n\t\t\t\t<div class=\"elementor-element elementor-element-7ec93bf elementor-widget elementor-widget-text-editor\" data-id=\"7ec93bf\" data-element_type=\"widget\" data-widget_type=\"text-editor.default\">\n\t\t\t\t<div class=\"elementor-widget-container\">\n\t\t\t\t\t\t\t\t\tRESPETAR EL HORARIO DE DESCANSO DE 10:00PM A 6:00AM\t\t\t\t\t\t\t\t<\/div>\n\t\t\t\t<\/div>\n\t\t\t\t<\/div>\n\t\t<div class=\"elementor-element elementor-element-dc11873 e-con-full e-flex e-con e-child\" data-id=\"dc11873\" data-element_type=\"container\">\n\t\t<div class=\"elementor-element elementor-element-73add38 e-con-full e-flex e-con e-child\" data-id=\"73add38\" data-element_type=\"container\" data-settings=\"{&quot;background_background&quot;:&quot;classic&quot;}\">\n\t\t\t\t<div class=\"elementor-element elementor-element-e526ba9 elementor-widget elementor-widget-image\" data-id=\"e526ba9\" data-element_type=\"widget\" data-widget_type=\"image.default\">\n\t\t\t\t<div class=\"elementor-widget-container\">\n\t\t\t\t\t\t\t\t\t\t\t\t\t\t\t<img decoding=\"async\" width=\"93\" height=\"107\" data-src=\"https:\/\/sorellaviveligero.com\/wp-content\/uploads\/2024\/11\/No-lavadora-sorella.png\" class=\"attachment-thumbnail size-thumbnail wp-image-2962 lazyload\" alt=\"No-lavadora-sorella\" data-srcset=\"https:\/\/sorellaviveligero.com\/wp-content\/uploads\/2024\/11\/No-lavadora-sorella.png 93w, https:\/\/sorellaviveligero.com\/wp-content\/uploads\/2024\/11\/No-lavadora-sorella-10x12.png 10w\" data-sizes=\"(max-width: 93px) 100vw, 93px\" src=\"data:image\/svg+xml;base64,PHN2ZyB3aWR0aD0iMSIgaGVpZ2h0PSIxIiB4bWxucz0iaHR0cDovL3d3dy53My5vcmcvMjAwMC9zdmciPjwvc3ZnPg==\" style=\"--smush-placeholder-width: 93px; --smush-placeholder-aspect-ratio: 93\/107;\" \/>\t\t\t\t\t\t\t\t\t\t\t\t\t\t\t<\/div>\n\t\t\t\t<\/div>\n\t\t\t\t<\/div>\n\t\t\t\t<div class=\"elementor-element elementor-element-2c7c337 elementor-widget elementor-widget-text-editor\" data-id=\"2c7c337\" data-element_type=\"widget\" data-widget_type=\"text-editor.default\">\n\t\t\t\t<div class=\"elementor-widget-container\">\n\t\t\t\t\t\t\t\t\tNO UTILIZAR \u00c1REA DE LAVANDER\u00cdA DESPU\u00c9S DE LAS 10:00PM\t\t\t\t\t\t\t\t<\/div>\n\t\t\t\t<\/div>\n\t\t\t\t<\/div>\n\t\t<div class=\"elementor-element elementor-element-1aa024b e-con-full e-flex e-con e-child\" data-id=\"1aa024b\" data-element_type=\"container\">\n\t\t<div class=\"elementor-element elementor-element-8378ad3 e-con-full e-flex e-con e-child\" data-id=\"8378ad3\" data-element_type=\"container\" data-settings=\"{&quot;background_background&quot;:&quot;classic&quot;}\">\n\t\t\t\t<div class=\"elementor-element elementor-element-07d7e93 elementor-widget elementor-widget-image\" data-id=\"07d7e93\" data-element_type=\"widget\" data-widget_type=\"image.default\">\n\t\t\t\t<div class=\"elementor-widget-container\">\n\t\t\t\t\t\t\t\t\t\t\t\t\t\t\t<img decoding=\"async\" width=\"109\" height=\"91\" data-src=\"https:\/\/sorellaviveligero.com\/wp-content\/uploads\/2024\/11\/no-visitantes-sorella.png\" class=\"attachment-thumbnail size-thumbnail wp-image-2963 lazyload\" alt=\"no-visitantes-sorella\" data-srcset=\"https:\/\/sorellaviveligero.com\/wp-content\/uploads\/2024\/11\/no-visitantes-sorella.png 109w, https:\/\/sorellaviveligero.com\/wp-content\/uploads\/2024\/11\/no-visitantes-sorella-14x12.png 14w\" data-sizes=\"(max-width: 109px) 100vw, 109px\" src=\"data:image\/svg+xml;base64,PHN2ZyB3aWR0aD0iMSIgaGVpZ2h0PSIxIiB4bWxucz0iaHR0cDovL3d3dy53My5vcmcvMjAwMC9zdmciPjwvc3ZnPg==\" style=\"--smush-placeholder-width: 109px; --smush-placeholder-aspect-ratio: 109\/91;\" \/>\t\t\t\t\t\t\t\t\t\t\t\t\t\t\t<\/div>\n\t\t\t\t<\/div>\n\t\t\t\t<\/div>\n\t\t\t\t<div class=\"elementor-element elementor-element-299d775 elementor-widget elementor-widget-text-editor\" data-id=\"299d775\" data-element_type=\"widget\" data-widget_type=\"text-editor.default\">\n\t\t\t\t<div class=\"elementor-widget-container\">\n\t\t\t\t\t\t\t\t\tEST\u00c1 RESTRINGIDO EL INGRESO DE VISITANTES QUE VAN A PASAR LA NOCHE\t\t\t\t\t\t\t\t<\/div>\n\t\t\t\t<\/div>\n\t\t\t\t<\/div>\n\t\t<div class=\"elementor-element elementor-element-66fe80f e-con-full e-flex e-con e-child\" data-id=\"66fe80f\" data-element_type=\"container\">\n\t\t<div class=\"elementor-element elementor-element-e8fa771 e-con-full e-flex e-con e-child\" data-id=\"e8fa771\" data-element_type=\"container\" data-settings=\"{&quot;background_background&quot;:&quot;classic&quot;}\">\n\t\t\t\t<div class=\"elementor-element elementor-element-395b9f6 elementor-widget elementor-widget-image\" data-id=\"395b9f6\" data-element_type=\"widget\" data-widget_type=\"image.default\">\n\t\t\t\t<div class=\"elementor-widget-container\">\n\t\t\t\t\t\t\t\t\t\t\t\t\t\t\t<img decoding=\"async\" width=\"92\" height=\"115\" data-src=\"https:\/\/sorellaviveligero.com\/wp-content\/uploads\/2024\/11\/no-mascotas-sorella.png\" class=\"attachment-thumbnail size-thumbnail wp-image-2964 lazyload\" alt=\"no-mascotas-sorella\" data-srcset=\"https:\/\/sorellaviveligero.com\/wp-content\/uploads\/2024\/11\/no-mascotas-sorella.png 92w, https:\/\/sorellaviveligero.com\/wp-content\/uploads\/2024\/11\/no-mascotas-sorella-10x12.png 10w\" data-sizes=\"(max-width: 92px) 100vw, 92px\" src=\"data:image\/svg+xml;base64,PHN2ZyB3aWR0aD0iMSIgaGVpZ2h0PSIxIiB4bWxucz0iaHR0cDovL3d3dy53My5vcmcvMjAwMC9zdmciPjwvc3ZnPg==\" style=\"--smush-placeholder-width: 92px; --smush-placeholder-aspect-ratio: 92\/115;\" \/>\t\t\t\t\t\t\t\t\t\t\t\t\t\t\t<\/div>\n\t\t\t\t<\/div>\n\t\t\t\t<\/div>\n\t\t\t\t<div class=\"elementor-element elementor-element-437b6b2 elementor-widget elementor-widget-text-editor\" data-id=\"437b6b2\" data-element_type=\"widget\" data-widget_type=\"text-editor.default\">\n\t\t\t\t<div class=\"elementor-widget-container\">\n\t\t\t\t\t\t\t\t\tLAS MASCOTAS NO EST\u00c1N PERMITIDAS\t\t\t\t\t\t\t\t<\/div>\n\t\t\t\t<\/div>\n\t\t\t\t<\/div>\n\t\t<div class=\"elementor-element elementor-element-e46dc8d e-con-full e-flex e-con e-child\" data-id=\"e46dc8d\" data-element_type=\"container\">\n\t\t<div class=\"elementor-element elementor-element-8d31154 e-con-full e-flex e-con e-child\" data-id=\"8d31154\" data-element_type=\"container\" data-settings=\"{&quot;background_background&quot;:&quot;classic&quot;}\">\n\t\t\t\t<div class=\"elementor-element elementor-element-342d68b elementor-widget elementor-widget-image\" data-id=\"342d68b\" data-element_type=\"widget\" data-widget_type=\"image.default\">\n\t\t\t\t<div class=\"elementor-widget-container\">\n\t\t\t\t\t\t\t\t\t\t\t\t\t\t\t<img decoding=\"async\" width=\"93\" height=\"101\" data-src=\"https:\/\/sorellaviveligero.com\/wp-content\/uploads\/2024\/11\/hora-sorella.png\" class=\"attachment-thumbnail size-thumbnail wp-image-2965 lazyload\" alt=\"hora-sorella\" data-srcset=\"https:\/\/sorellaviveligero.com\/wp-content\/uploads\/2024\/11\/hora-sorella.png 93w, https:\/\/sorellaviveligero.com\/wp-content\/uploads\/2024\/11\/hora-sorella-11x12.png 11w\" data-sizes=\"(max-width: 93px) 100vw, 93px\" src=\"data:image\/svg+xml;base64,PHN2ZyB3aWR0aD0iMSIgaGVpZ2h0PSIxIiB4bWxucz0iaHR0cDovL3d3dy53My5vcmcvMjAwMC9zdmciPjwvc3ZnPg==\" style=\"--smush-placeholder-width: 93px; --smush-placeholder-aspect-ratio: 93\/101;\" \/>\t\t\t\t\t\t\t\t\t\t\t\t\t\t\t<\/div>\n\t\t\t\t<\/div>\n\t\t\t\t<\/div>\n\t\t\t\t<div class=\"elementor-element elementor-element-1a3fdf4 elementor-widget elementor-widget-text-editor\" data-id=\"1a3fdf4\" data-element_type=\"widget\" data-widget_type=\"text-editor.default\">\n\t\t\t\t<div class=\"elementor-widget-container\">\n\t\t\t\t\t\t\t\t\tHORA DE SALIDA \/CHECK OUT: 12:00PM (MEDIO D\u00cdA)\t\t\t\t\t\t\t\t<\/div>\n\t\t\t\t<\/div>\n\t\t\t\t<\/div>\n\t\t<div class=\"elementor-element elementor-element-6d48a6e e-con-full e-flex e-con e-child\" data-id=\"6d48a6e\" data-element_type=\"container\">\n\t\t<div class=\"elementor-element elementor-element-ff94f47 e-con-full e-flex e-con e-child\" data-id=\"ff94f47\" data-element_type=\"container\" data-settings=\"{&quot;background_background&quot;:&quot;classic&quot;}\">\n\t\t\t\t<div class=\"elementor-element elementor-element-6c40d3f elementor-widget elementor-widget-image\" data-id=\"6c40d3f\" data-element_type=\"widget\" data-widget_type=\"image.default\">\n\t\t\t\t<div class=\"elementor-widget-container\">\n\t\t\t\t\t\t\t\t\t\t\t\t\t\t\t<img decoding=\"async\" width=\"84\" height=\"89\" data-src=\"https:\/\/sorellaviveligero.com\/wp-content\/uploads\/2024\/11\/disfruta-sorella.png\" class=\"attachment-thumbnail size-thumbnail wp-image-2966 lazyload\" alt=\"disfruta-sorella\" data-srcset=\"https:\/\/sorellaviveligero.com\/wp-content\/uploads\/2024\/11\/disfruta-sorella.png 84w, https:\/\/sorellaviveligero.com\/wp-content\/uploads\/2024\/11\/disfruta-sorella-11x12.png 11w\" data-sizes=\"(max-width: 84px) 100vw, 84px\" src=\"data:image\/svg+xml;base64,PHN2ZyB3aWR0aD0iMSIgaGVpZ2h0PSIxIiB4bWxucz0iaHR0cDovL3d3dy53My5vcmcvMjAwMC9zdmciPjwvc3ZnPg==\" style=\"--smush-placeholder-width: 84px; --smush-placeholder-aspect-ratio: 84\/89;\" \/>\t\t\t\t\t\t\t\t\t\t\t\t\t\t\t<\/div>\n\t\t\t\t<\/div>\n\t\t\t\t<\/div>\n\t\t\t\t<div class=\"elementor-element elementor-element-4554a1a elementor-widget elementor-widget-text-editor\" data-id=\"4554a1a\" data-element_type=\"widget\" data-widget_type=\"text-editor.default\">\n\t\t\t\t<div class=\"elementor-widget-container\">\n\t\t\t\t\t\t\t\t\tLA REGLA M\u00c1S IMPORTANTE, DISFRUTA TU ESTAD\u00cdA \ud83d\ude42 \t\t\t\t\t\t\t\t<\/div>\n\t\t\t\t<\/div>\n\t\t\t\t<\/div>\n\t\t\t\t\t<\/div>\n\t\t\t\t<\/div>\n\t\t\t\t<\/div>","protected":false},"excerpt":{"rendered":"<p>Reglas de la Casa NO EST\u00c1 PERMITIDO FUMAR EN LAS INSTALACIONES NO SE PERMITE HACER FIESTAS O REUNIONES RESPETAR EL HORARIO DE DESCANSO DE 10:00PM A 6:00AM NO UTILIZAR \u00c1REA DE LAVANDER\u00cdA DESPU\u00c9S DE LAS 10:00PM EST\u00c1 RESTRINGIDO EL INGRESO DE VISITANTES QUE VAN A PASAR LA NOCHE LAS MASCOTAS NO EST\u00c1N PERMITIDAS HORA DE [&hellip;]<\/p>","protected":false},"author":1,"featured_media":0,"parent":0,"menu_order":0,"comment_status":"closed","ping_status":"closed","template":"","meta":{"_uag_custom_page_level_css":"","site-sidebar-layout":"no-sidebar","site-content-layout":"page-builder","ast-site-content-layout":"full-width-container","site-content-style":"default","site-sidebar-style":"default","ast-global-header-display":"","ast-banner-title-visibility":"","ast-main-header-display":"","ast-hfb-above-header-display":"","ast-hfb-below-header-display":"","ast-hfb-mobile-header-display":"","site-post-title":"disabled","ast-breadcrumbs-content":"","ast-featured-img":"disabled","footer-sml-layout":"","theme-transparent-header-meta":"","adv-header-id-meta":"","stick-header-meta":"","header-above-stick-meta":"","header-main-stick-meta":"","header-below-stick-meta":"","astra-migrate-meta-layouts":"default","ast-page-background-enabled":"default","ast-page-background-meta":{"desktop":{"background-color":"var(--ast-global-color-4)","background-image":"","background-repeat":"repeat","background-position":"center center","background-size":"auto","background-attachment":"scroll","background-type":"","background-media":"","overlay-type":"","overlay-color":"","overlay-opacity":"","overlay-gradient":""},"tablet":{"background-color":"","background-image":"","background-repeat":"repeat","background-position":"center center","background-size":"auto","background-attachment":"scroll","background-type":"","background-media":"","overlay-type":"","overlay-color":"","overlay-opacity":"","overlay-gradient":""},"mobile":{"background-color":"","background-image":"","background-repeat":"repeat","background-position":"center center","background-size":"auto","background-attachment":"scroll","background-type":"","background-media":"","overlay-type":"","overlay-color":"","overlay-opacity":"","overlay-gradient":""}},"ast-content-background-meta":{"desktop":{"background-color":"var(--ast-global-color-5)","background-image":"","background-repeat":"repeat","background-position":"center center","background-size":"auto","background-attachment":"scroll","background-type":"","background-media":"","overlay-type":"","overlay-color":"","overlay-opacity":"","overlay-gradient":""},"tablet":{"background-color":"var(--ast-global-color-5)","background-image":"","background-repeat":"repeat","background-position":"center center","background-size":"auto","background-attachment":"scroll","background-type":"","background-media":"","overlay-type":"","overlay-color":"","overlay-opacity":"","overlay-gradient":""},"mobile":{"background-color":"var(--ast-global-color-5)","background-image":"","background-repeat":"repeat","background-position":"center center","background-size":"auto","background-attachment":"scroll","background-type":"","background-media":"","overlay-type":"","overlay-color":"","overlay-opacity":"","overlay-gradient":""}},"footnotes":""},"class_list":["post-2779","page","type-page","status-publish","hentry"],"uagb_featured_image_src":{"full":false,"thumbnail":false,"medium":false,"medium_large":false,"large":false,"1536x1536":false,"2048x2048":false,"trp-custom-language-flag":false},"uagb_author_info":{"display_name":"on.hosting0@gmail.com","author_link":"https:\/\/sorellaviveligero.com\/en\/author\/on-hosting0gmail-com\/"},"uagb_comment_info":0,"uagb_excerpt":"Reglas de la Casa NO EST\u00c1 PERMITIDO FUMAR EN LAS INSTALACIONES NO SE PERMITE HACER FIESTAS O REUNIONES RESPETAR EL HORARIO DE DESCANSO DE 10:00PM A 6:00AM NO UTILIZAR \u00c1REA DE LAVANDER\u00cdA DESPU\u00c9S DE LAS 10:00PM EST\u00c1 RESTRINGIDO EL INGRESO DE VISITANTES QUE VAN A PASAR LA NOCHE LAS MASCOTAS NO EST\u00c1N PERMITIDAS HORA DE&hellip;","_links":{"self":[{"href":"https:\/\/sorellaviveligero.com\/en\/wp-json\/wp\/v2\/pages\/2779","targetHints":{"allow":["GET"]}}],"collection":[{"href":"https:\/\/sorellaviveligero.com\/en\/wp-json\/wp\/v2\/pages"}],"about":[{"href":"https:\/\/sorellaviveligero.com\/en\/wp-json\/wp\/v2\/types\/page"}],"author":[{"embeddable":true,"href":"https:\/\/sorellaviveligero.com\/en\/wp-json\/wp\/v2\/users\/1"}],"replies":[{"embeddable":true,"href":"https:\/\/sorellaviveligero.com\/en\/wp-json\/wp\/v2\/comments?post=2779"}],"version-history":[{"count":87,"href":"https:\/\/sorellaviveligero.com\/en\/wp-json\/wp\/v2\/pages\/2779\/revisions"}],"predecessor-version":[{"id":4186,"href":"https:\/\/sorellaviveligero.com\/en\/wp-json\/wp\/v2\/pages\/2779\/revisions\/4186"}],"wp:attachment":[{"href":"https:\/\/sorellaviveligero.com\/en\/wp-json\/wp\/v2\/media?parent=2779"}],"curies":[{"name":"wp","href":"https:\/\/api.w.org\/{rel}","templated":true}]}}