{"id":2257,"date":"2024-10-22T17:56:14","date_gmt":"2024-10-22T22:56:14","guid":{"rendered":"https:\/\/sorellaviveligero.com\/?page_id=2257"},"modified":"2025-02-25T19:31:47","modified_gmt":"2025-02-26T00:31:47","slug":"faq","status":"publish","type":"page","link":"https:\/\/sorellaviveligero.com\/en\/faq\/","title":{"rendered":"Preguntas frecuentes | FAQ"},"content":{"rendered":"<div class=\"wp-block-uagb-container uagb-block-2757579c alignfull uagb-is-root-container\">\n<div class=\"wp-block-uagb-advanced-heading uagb-block-06ca43ca\"><h2 class=\"uagb-heading-text\">FREQUENTLY ASKED QUESTIONS (FAQ)<\/h2><\/div>\n<\/div>\n\n\n\n<div class=\"wp-block-uagb-container uagb-block-aa1558a3 alignfull uagb-is-root-container\"><div class=\"uagb-container-inner-blocks-wrap\">\n<p class=\"has-text-align-center\">Do you have any questions about our spaces? In this Frequently Asked Questions section, you might find the answer! If not, feel free to contact us; we are here to resolve all your doubts.<\/p>\n<\/div><\/div>\n\n\n<div class=\"wp-block-uagb-faq uagb-faq__outer-wrap uagb-block-d38b72e1 uagb-faq-icon-row-reverse uagb-faq-layout-accordion uagb-faq-expand-first-false uagb-faq-inactive-other-true uagb-faq__wrap uagb-buttons-layout-wrap uagb-faq-equal-height\" data-faqtoggle=\"true\" role=\"tablist\"><div class=\"wp-block-uagb-faq-child uagb-faq-child__outer-wrap uagb-faq-item uagb-block-2c8536ad\" role=\"tab\" tabindex=\"0\"><div class=\"uagb-faq-questions-button uagb-faq-questions\">\t\t\t<span class=\"uagb-icon uagb-faq-icon-wrap\">\n\t\t\t\t\t\t\t\t<svg xmlns=\"https:\/\/www.w3.org\/2000\/svg\" viewbox= \"0 0 448 512\"><path d=\"M432 256c0 17.69-14.33 32.01-32 32.01H256v144c0 17.69-14.33 31.99-32 31.99s-32-14.3-32-31.99v-144H48c-17.67 0-32-14.32-32-32.01s14.33-31.99 32-31.99H192v-144c0-17.69 14.33-32.01 32-32.01s32 14.32 32 32.01v144h144C417.7 224 432 238.3 432 256z\"><\/path><\/svg>\n\t\t\t\t\t\t\t<\/span>\n\t\t\t\t\t\t<span class=\"uagb-icon-active uagb-faq-icon-wrap\">\n\t\t\t\t\t\t\t\t<svg xmlns=\"https:\/\/www.w3.org\/2000\/svg\" viewbox= \"0 0 448 512\"><path d=\"M400 288h-352c-17.69 0-32-14.32-32-32.01s14.31-31.99 32-31.99h352c17.69 0 32 14.3 32 31.99S417.7 288 400 288z\"><\/path><\/svg>\n\t\t\t\t\t\t\t<\/span>\n\t\t\t<span class=\"uagb-question\">\u00a0<strong>Bookings and Contracts<\/strong><\/span><\/div><div class=\"uagb-faq-content\"><p><strong>What is the minimum and maximum stay duration?<\/strong>\u00a0<br>\u00a0We offer minimum stays of one day and there is no maximum limit. Our contracts are flexible and adjust to each guest's needs.<br><br><strong>How can I make a reservation?<\/strong>\u00a0<br>You can book from one night through Airbnb. If you prefer to book directly with us, the minimum stay is 30 days. Go to \"Reservations\" at the top.<br><br><strong>What are your cancellation policies?<\/strong>\u00a0<br>Cancellations made more than 20 days in advance have no charge.<br>No es posible generar cancelaciones de \u00faltimo minuto pues el espacio ha estado reservado para ti, te entregaremos un descuento del 50% en tu proxima estadia en caso de que no puedas hacer uso del espacio.<br><br><strong>Can I extend my stay once I have arrived?<\/strong>\u00a0<br>\u00a0Yes, you can extend your stay as long as we have availability. We strive to make your experience as flexible as possible.<br><br><strong>What contract duration do you offer?<\/strong><br>There is no fixed duration; we adjust to your schedule. Stay as long as you need without complications\u2014just let us know your check-in and check-out dates.<br><br><strong>Do I need a guarantor\/co-signer?<\/strong><br>You do not need a guarantor. Our process is simple, fast, and efficient. As a backup, we request a deposit equivalent to 50% of your rental fee, which will be refunded at the end of the contract. (This deposit is our guarantee due to the space being fully furnished.)<br><br><strong>How long does the process take to rent?<\/strong><br>It takes 2 business days once you provide the required documents, and it could even be less.<br><br><strong>What is the process to rent?<\/strong><br>\u2013 For stays shorter than one month:<br>Through <strong>Airbnb<\/strong>, here is the link to one of our apartments <strong><a href=\"https:\/\/www.airbnb.com.co\/users\/show\/404610190\" data-type=\"link\" data-id=\"https:\/\/www.airbnb.com.co\/rooms\/1193988304328628989?guests=1&amp;adults=1&amp;s=67&amp;unique_share_id=fa28ec43-7b0e-45d3-8718-bec4ccfe7390&amp;_set_bev_on_new_domain=1729637876_EAYzhmODY1NDM2ZT&amp;source_impression_id=p3_1729637878_P3tWkXbPbqnyGAFi\" target=\"_blank\" rel=\"noreferrer noopener\">here<\/a><\/strong>:<br><br>\u2013 For stays longer than one month:<br>1. Choose your apartment.<br>2. Deposit the security (50% of the rent)<br>3. \u2060Send us basic documentation.<br>4. \u2060Sign the contract and pay your first rent.<br>5. Feel the charm and enjoy.<br>*You can book through Airbnb if you do not wish to leave a deposit. (In this case, the Airbnb service fee will be added to the base rate.)<br><br><br><strong>What documents do I need to rent?<\/strong><br>You only need 3 documents:<br>\u2013 Identification document in PDF.<br>\u2013 Last 3 bank statements.<br>\u2013 \u2060RUT (if you are self-employed) or Employment certification (if you are an employee).<br>\u00a0<br>And you must send us the following information:\u00a0<br>\u2013 Notification address.<br>\u2013 \u2060 Email<br>\u2013 \u2060 Two personal references: full name, phone number, and email.<br><br><\/p><\/div><\/div><div class=\"wp-block-uagb-faq-child uagb-faq-child__outer-wrap uagb-faq-item uagb-block-27a0f2db\" role=\"tab\" tabindex=\"0\"><div class=\"uagb-faq-questions-button uagb-faq-questions\">\t\t\t<span class=\"uagb-icon uagb-faq-icon-wrap\">\n\t\t\t\t\t\t\t\t<svg xmlns=\"https:\/\/www.w3.org\/2000\/svg\" viewbox= \"0 0 448 512\"><path d=\"M432 256c0 17.69-14.33 32.01-32 32.01H256v144c0 17.69-14.33 31.99-32 31.99s-32-14.3-32-31.99v-144H48c-17.67 0-32-14.32-32-32.01s14.33-31.99 32-31.99H192v-144c0-17.69 14.33-32.01 32-32.01s32 14.32 32 32.01v144h144C417.7 224 432 238.3 432 256z\"><\/path><\/svg>\n\t\t\t\t\t\t\t<\/span>\n\t\t\t\t\t\t<span class=\"uagb-icon-active uagb-faq-icon-wrap\">\n\t\t\t\t\t\t\t\t<svg xmlns=\"https:\/\/www.w3.org\/2000\/svg\" viewbox= \"0 0 448 512\"><path d=\"M400 288h-352c-17.69 0-32-14.32-32-32.01s14.31-31.99 32-31.99h352c17.69 0 32 14.3 32 31.99S417.7 288 400 288z\"><\/path><\/svg>\n\t\t\t\t\t\t\t<\/span>\n\t\t\t<span class=\"uagb-question\"><strong>Comodidades y servicios<\/strong><\/span><\/div><div class=\"uagb-faq-content\"><p><strong>\u00bfLos apartamentos y las habitaciones tienen cocina?<\/strong>\u00a0<br><br><strong><em>Proyecto apartamentos:<\/em><\/strong><br>Si, nuestros apartamentos cuentan con cocinas privadas totalmente funcionales equipadas con nevera minibar, microondas, estufa de dos puestos y campana extractora; ademas utensilios basicos de cocina, ollas de acero, platos, copas, cubiertos y electrodom\u00e9sticos. Si tu estadia es mayor a 5 dias puedes personalizar tus electrodom\u00e9sticos y elegir 3 entre: Sanduchera, arrocera, freidora de aire, cafetera, licuadora, secador de cabello y puedes cambiarlos durante tu estancia.<br><br><strong><em>Proyecto habitaciones:<\/em><\/strong><br>Todas nuestras habitaciones tienen acceso a una cocina de uso com\u00fan equipada con microondas, estufa de dos puestos, campana extractora, licuadora, arrocera, cafetera y utensilios basicos de uso compartido; \u00a0ademas cuentas con nevera privada, locker privado y tus propios utensilios basicos de cocina.<br><br><strong>\u00bfEl apartamento y las habitaciones las entregan como se ven en las fotos?<\/strong><br>S\u00ed, en\u00a0<strong>Sorella<\/strong>, lo que ves en las fotos y en el video es exactamente lo que recibir\u00e1s al llegar. Queremos que tengas una experiencia transparente y que sepas exactamente qu\u00e9 esperar durante tu estancia.<br><br><strong>\u00bfHay una zona de lavander\u00eda?<\/strong>\u00a0<br>S\u00ed, contamos con una zona de lavander\u00eda con lavadoras, secadoras y lavadero de uso com\u00fan disponible para todos nuestros hu\u00e9spedes.<br><br><strong>\u00bfOfrecen servicio de limpieza?<\/strong>\u00a0<br><br><strong><em>Proyecto apartamentos:<\/em><\/strong><br>Ofrecemos servicio de limpieza semanal en nuestros apartamentos y las areas comunes. Si necesitas servicios adicionales, como limpieza diaria o extra, puedes solicitarlos por un costo adicional.<br>\u00a0<br><strong><em>Proyecto habitaciones:<\/em><\/strong><br>Ofrecermos servicio de limpieza 2 veces por semana a las areas comunes del apartamento (lavanderia, ba\u00f1o y cocina), puedes contratar el aseo de tu habitacion por un costo adicional.<br><br><strong>\u00bfTienen Wi-Fi disponible?<\/strong><br>S\u00ed, ofrecemos Wi-Fi de alta velocidad gratuito en todo el alojamiento.<br><br>\u00a0<strong>\u00bfEl hotel cuenta con estacionamiento?<\/strong>\u00a0<br><br><em><strong>Proyecto apartamen<\/strong><\/em><strong><em>tos:<\/em><\/strong><br>No contamos con parqueadero propio, pero puedes dejar tu veh\u00edculo en la\u00a0bah\u00eda de estacionamiento al final de la cuadra. En el barrio\u00a0Las Quintas, es com\u00fan que los residentes estacionen sus veh\u00edculos frente a las casas, lo que refleja la tranquilidad y seguridad de la zona. Sin embargo, queremos recordarte que\u00a0no podemos hacernos responsables por la seguridad de tu veh\u00edculo.<br><em>\u00a0<\/em><br><em><strong>Proyecto habitaciones:<\/strong><\/em><br>Si, contamos con parqueadero dentro del conjunto residencial con un costo adicional (sujeto a disponibilidad).<br><br><strong>\u00bfTienen apartamentos de mas habitaciones?<\/strong><br>No, en\u00a0Sorella\u00a0todos nuestros apartamentos son de\u00a0una habitaci\u00f3n tipo monoambiente. Este dise\u00f1o est\u00e1 pensado especialmente para parejas, profesionales, viajeros de negocios y n\u00f3madas digitales, quienes buscan un espacio acogedor y funcional que se adapte a su estilo de vida.<br>Si deseas venir con un grupo m\u00e1s grande, \u00a1no te preocupes! Ofrecemos\u00a0descuentos especiales para grupos\u00a0y, si lo prefieres, podemos ofrecerte dos apartamentos en el mismo piso para mayor comodidad y cercan\u00eda.<br><br><strong>\u00bfPuedo visitarlos?<\/strong><br>\u00a1Por supuesto! Puedes agendar una visita a nuestras instalaciones. Sin embargo, te pedimos que hagas una\u00a0cita previa, ya que no contamos con recepci\u00f3n y dependemos de las reservas del d\u00eda.<br>\u00a0<br><strong>\u00bfTienen oficina o recepci\u00f3n?<\/strong><br>No contamos con oficina ni recepcion, estaremos pendientes de lo que necesites a traves de nuestros canales de contacto. El ingreso se realiza de manera autonoma y digital para garantizar mayor independencia.<br>\u00a0<br><strong>\u00bfPor que var\u00edan los precios de los apartamentos?<\/strong><br>Los precios de nuestros apartamentos var\u00edan en funci\u00f3n de su tama\u00f1o y ubicaci\u00f3n. Algunas unidades ofrecen cocinas m\u00e1s amplias, closets m\u00e1s grandes o mayor iluminacion natural. Sin embargo, queremos que sepas que el equipamiento, la atenci\u00f3n al detalle y la calidad de los acabados son consistentes en todos nuestros espacios, garantizando una experiencia excepcional sin importar la opci\u00f3n que elijas.<br><br><strong>En donde estan ubicados ubicaci\u00f3n?<\/strong><br><br><strong><em>Proyecto apartamentos:<\/em><\/strong><br>Ubicados en el barrio\u00a0Las Quintas, una zona privilegiada y accesible, a menos de 15 minutos caminando de centro comercial\u00a0Viva Tunja, Unicentro, UPTC\u00a0y campus de la\u00a0Universidad Santo Tom\u00e1s. Nuestras instalaciones se encuentran en las siguientes direcciones:\u00a0TV 4 46\u00aa-30\u00a0y\u00a0TV 4 46\u00aa-48, dos casas id\u00e9nticas que ofrecen el mismo est\u00e1ndar de calidad y confort.<br>Puedes encontrarnos f\u00e1cilmente en Google Maps buscando\u00a0Sorella \u2013 Vive Ligero,\u00a0Las Quintas.<br><br><strong><em>Proyecto habitaciones:<\/em><\/strong><br>Ubicado al norte de la ciudad en un barrio residencial muy tranquilo, nuestro apartamento esta dentro de un conjunto cerrado con seguridad electr\u00f3nica a pocas cuadras de cl\u00ednica Medilaser y Universidad de Boyac\u00e1. La direccion es Trasversal 2g 73 &#8211; 06, Conjunto Residencial Caminitos de Oicata 2.<br>Puedes encontrarnos f\u00e1cilmente en Google Maps buscando\u00a0Sorella coliving.<\/p><\/div><\/div><div class=\"wp-block-uagb-faq-child uagb-faq-child__outer-wrap uagb-faq-item uagb-block-adc7382f\" role=\"tab\" tabindex=\"0\"><div class=\"uagb-faq-questions-button uagb-faq-questions\">\t\t\t<span class=\"uagb-icon uagb-faq-icon-wrap\">\n\t\t\t\t\t\t\t\t<svg xmlns=\"https:\/\/www.w3.org\/2000\/svg\" viewbox= \"0 0 448 512\"><path d=\"M432 256c0 17.69-14.33 32.01-32 32.01H256v144c0 17.69-14.33 31.99-32 31.99s-32-14.3-32-31.99v-144H48c-17.67 0-32-14.32-32-32.01s14.33-31.99 32-31.99H192v-144c0-17.69 14.33-32.01 32-32.01s32 14.32 32 32.01v144h144C417.7 224 432 238.3 432 256z\"><\/path><\/svg>\n\t\t\t\t\t\t\t<\/span>\n\t\t\t\t\t\t<span class=\"uagb-icon-active uagb-faq-icon-wrap\">\n\t\t\t\t\t\t\t\t<svg xmlns=\"https:\/\/www.w3.org\/2000\/svg\" viewbox= \"0 0 448 512\"><path d=\"M400 288h-352c-17.69 0-32-14.32-32-32.01s14.31-31.99 32-31.99h352c17.69 0 32 14.3 32 31.99S417.7 288 400 288z\"><\/path><\/svg>\n\t\t\t\t\t\t\t<\/span>\n\t\t\t<span class=\"uagb-question\"><strong><strong>\u00a0Pol\u00edtica Pet-Friendly<\/strong><\/strong><\/span><\/div><div class=\"uagb-faq-content\"><p><strong>\u00bfAceptan mascotas?<\/strong>\u00a0<br><br><strong><em>Proyecto apartamentos:<\/em><\/strong><br>S\u00ed! En\u00a0<strong>Sorella<\/strong>, algunos de nuestros apartamentos son\u00a0<strong>pet-friendly<\/strong>. Sabemos lo importante que es tu mascota para ti, solo necesitamos verificar la disponibilidad de los apartamentos para tus fechas de estancia.<br><em>\u00a0<\/em><br><strong><em>Proyecto habitaciones:<\/em><\/strong><br>Lo sentimos, aqu\u00ed no aceptamos mascotas por ser un espacio compartido.<br><br><strong>\u00bfHay alguna tarifa adicional por llevar mascotas?<\/strong>\u00a0<br>S\u00ed, se aplica una tarifa de limpieza por mes o fraccion para las mascotas. Esta tarifa cubre la limpieza adicional requerida para mantener nuestras impecables para todos nuestros hu\u00e9spedes.<\/p><\/div><\/div><div class=\"wp-block-uagb-faq-child uagb-faq-child__outer-wrap uagb-faq-item uagb-block-8dae2148\" role=\"tab\" tabindex=\"0\"><div class=\"uagb-faq-questions-button uagb-faq-questions\">\t\t\t<span class=\"uagb-icon uagb-faq-icon-wrap\">\n\t\t\t\t\t\t\t\t<svg xmlns=\"https:\/\/www.w3.org\/2000\/svg\" viewbox= \"0 0 448 512\"><path d=\"M432 256c0 17.69-14.33 32.01-32 32.01H256v144c0 17.69-14.33 31.99-32 31.99s-32-14.3-32-31.99v-144H48c-17.67 0-32-14.32-32-32.01s14.33-31.99 32-31.99H192v-144c0-17.69 14.33-32.01 32-32.01s32 14.32 32 32.01v144h144C417.7 224 432 238.3 432 256z\"><\/path><\/svg>\n\t\t\t\t\t\t\t<\/span>\n\t\t\t\t\t\t<span class=\"uagb-icon-active uagb-faq-icon-wrap\">\n\t\t\t\t\t\t\t\t<svg xmlns=\"https:\/\/www.w3.org\/2000\/svg\" viewbox= \"0 0 448 512\"><path d=\"M400 288h-352c-17.69 0-32-14.32-32-32.01s14.31-31.99 32-31.99h352c17.69 0 32 14.3 32 31.99S417.7 288 400 288z\"><\/path><\/svg>\n\t\t\t\t\t\t\t<\/span>\n\t\t\t<span class=\"uagb-question\"><strong><strong>\u00a0Pagos y tarifas<\/strong><\/strong><\/span><\/div><div class=\"uagb-faq-content\"><p><strong>Que rango de precios manejan?<\/strong><br><br><strong><em>Proyecto apartamentos:<\/em><\/strong><br>Los precios en\u00a0Sorella\u00a0var\u00edan seg\u00fan el tipo de apartamento y la duraci\u00f3n de la estancia. Ofrecemos opciones a partir de\u00a01.520.000 COP mensuales, nuestra propuesta garantiza la mejor relaci\u00f3n calidad-precio, asegurando que disfrutes de una estancia c\u00f3moda y placentera.<br>\u00a0<br><strong><em>Proyecto habitaciones:<\/em><\/strong><br>Nuestros precios igualmente var\u00edan seg\u00fan el tipo de habitaci\u00f3n y la duraci\u00f3n de la estancia. Ofrecemos opciones a partir de\u00a0790.000 COP mensuales.<br>\u00a0<br><strong>\u00bfQue incluye el pago?<\/strong><br>&#8211; Tu apartamento o habitacion amoblada, tal cual lo ves en el video.<br>&#8211; \u2060Electrodom\u00e9sticos y utensilios de cocina.<br>&#8211; \u2060Zona de lavander\u00eda compartida.<br>&#8211; \u2060Servicio de limpieza.<br>&#8211; \u2060Servicios p\u00fablicos (agua, luz, gas, internet)<br><strong>\u00a0<\/strong><br><strong>\u00bfQue incluye el servicio de limpieza?<\/strong><br>\u00a0<br><strong><em>Proyecto apartamentos:<\/em><\/strong><br>El aseo incluye:<br>&#8211; Barrer y trapear<br>&#8211; Limpieza de polvo<br>&#8211; Aseo general de cocina y ba\u00f1o (no ollas ni platos)<br>&#8211; Limpieza de vidrios<br>&#8211; Cambio y\/o lavado de ropa de cama y toallas<br>\u00a0<br><strong><em>Proyecto habitaciones:<\/em><\/strong><br>&#8211; Barrer y trapear zona comun<br>&#8211; Limpieza de polvo zona comun<br>&#8211; Aseo general de cocina y ba\u00f1o (no ollas ni platos)<br><br><strong>\u00bfQu\u00e9 m\u00e9todos de pago aceptan?<\/strong>\u00a0<br>Aceptamos pagos con tarjetas de cr\u00e9dito\/d\u00e9bito a traves de nuestro alidado <em>airbnb, <\/em>para pagos directos transferencias bancarias bancolombia, davivienda y nequi.<br><br><strong>\u00bfOfrecen tarifas con descuento para estancias largas?<\/strong>\u00a0<br>\u00a0S\u00ed, ofrecemos descuentos especiales para estancias prolongadas. Cuanto m\u00e1s larga sea tu estancia, mayor ser\u00e1 el descuento. Para mas informacion <a href=\"https:\/\/sorellaviveligero.com\/en\/contacto\/\" data-type=\"page\" data-id=\"2173\">contactanos<\/a><\/p><\/div><\/div><div class=\"wp-block-uagb-faq-child uagb-faq-child__outer-wrap uagb-faq-item uagb-block-a958a3cf\" role=\"tab\" tabindex=\"0\"><div class=\"uagb-faq-questions-button uagb-faq-questions\">\t\t\t<span class=\"uagb-icon uagb-faq-icon-wrap\">\n\t\t\t\t\t\t\t\t<svg xmlns=\"https:\/\/www.w3.org\/2000\/svg\" viewbox= \"0 0 448 512\"><path d=\"M432 256c0 17.69-14.33 32.01-32 32.01H256v144c0 17.69-14.33 31.99-32 31.99s-32-14.3-32-31.99v-144H48c-17.67 0-32-14.32-32-32.01s14.33-31.99 32-31.99H192v-144c0-17.69 14.33-32.01 32-32.01s32 14.32 32 32.01v144h144C417.7 224 432 238.3 432 256z\"><\/path><\/svg>\n\t\t\t\t\t\t\t<\/span>\n\t\t\t\t\t\t<span class=\"uagb-icon-active uagb-faq-icon-wrap\">\n\t\t\t\t\t\t\t\t<svg xmlns=\"https:\/\/www.w3.org\/2000\/svg\" viewbox= \"0 0 448 512\"><path d=\"M400 288h-352c-17.69 0-32-14.32-32-32.01s14.31-31.99 32-31.99h352c17.69 0 32 14.3 32 31.99S417.7 288 400 288z\"><\/path><\/svg>\n\t\t\t\t\t\t\t<\/span>\n\t\t\t<span class=\"uagb-question\"><strong><strong>\u00a0<\/strong>Pol\u00edticas generales del alojamiento<\/strong><\/span><\/div><div class=\"uagb-faq-content\"><p><strong>\u00bfCu\u00e1l es la hora de check-in y check-out?<\/strong>\u00a0<br>El check-in es a partir de las 3:00 pm y hasta las 9:00 pm, y el check-out es hasta medio dia, 12:00 pm.<br><br><strong>\u00bfPuedo hacer un check-in anticipado, tardio o un check-out tard\u00edo?<\/strong><br>S\u00ed, dependiendo de la disponibilidad y con un cargo extra. Te recomendamos ponerte en contacto con nosotros para verificar si es posible.<br><br><strong>\u00bfCual es la ocupaci\u00f3n m\u00e1xima?<\/strong><br><br><strong><em>Proyecto apartamentos:<\/em><\/strong><br>La ocupaci\u00f3n m\u00e1xima de nuestros apartamentos es de\u00a0dos personas. Si deseas venir con un grupo m\u00e1s grande, \u00a1no te preocupes! Ofrecemos\u00a0descuentos especiales para grupos\u00a0y, si lo prefieres, podemos ofrecerte dos apartamentos en el mismo piso para mayor comodidad y cercan\u00eda.<br>\u00a0<br><strong><em>Proyecto habitaciones:<\/em><\/strong><br>Habitacion silver: 1 persona<br>Habitacion gold: 2 personas<br><em>\u00a0<\/em><br><strong>\u00bfCuales son las reglas de la casa?<\/strong><br>No esta permitido: fumar, hacer fiestas y\/o ruidos altos despu\u00e9s de las 10:00pm o ingresar mascotas sin autorizaci\u00f3n.<br>\u00a0<br><strong>\u00bfLas visitas est\u00e1n permitidas?<\/strong><br>\u00a1S\u00ed, las visitas est\u00e1n permitidas! Para garantizar el confort de todos nuestros hu\u00e9spedes, hemos establecido algunas pautas. Durante el horario diurno, de\u00a09:00 a.m. a 9:00 p.m., puedes recibir uno o dos visitantes en tu apartamento.<br>Adem\u00e1s, ocasionalmente puedes permitir que un visitante pase la noche contigo, con un m\u00e1ximo de\u00a0siete noches al mes para nuestros apartamentos y cinco noches para las habitaciones, siempre que informes a la administraci\u00f3n con anticipaci\u00f3n. Te pedimos te asegures que tu visitante no incomode a los dem\u00e1s hu\u00e9spedes.<br>Agradecemos tu comprensi\u00f3n y colaboraci\u00f3n para mantener un ambiente agradable para todos.<\/p><\/div><\/div><\/div>","protected":false},"excerpt":{"rendered":"<p>PREGUNTAS FRECUENTES FAQ \u00bfTienes alguna duda sobre nuestros espacios? \u00a1En esta secci\u00f3n de Preguntas frecuentes puede que encuentres la respuesta! Si no puedes contactarnos, estamos para resolver todas tus dudas.<\/p>","protected":false},"author":1,"featured_media":0,"parent":0,"menu_order":0,"comment_status":"closed","ping_status":"closed","template":"","meta":{"_uag_custom_page_level_css":"","site-sidebar-layout":"default","site-content-layout":"","ast-site-content-layout":"default","site-content-style":"default","site-sidebar-style":"default","ast-global-header-display":"","ast-banner-title-visibility":"","ast-main-header-display":"","ast-hfb-above-header-display":"","ast-hfb-below-header-display":"","ast-hfb-mobile-header-display":"","site-post-title":"disabled","ast-breadcrumbs-content":"","ast-featured-img":"","footer-sml-layout":"","theme-transparent-header-meta":"","adv-header-id-meta":"","stick-header-meta":"","header-above-stick-meta":"","header-main-stick-meta":"","header-below-stick-meta":"","astra-migrate-meta-layouts":"set","ast-page-background-enabled":"default","ast-page-background-meta":{"desktop":{"background-color":"var(--ast-global-color-4)","background-image":"","background-repeat":"repeat","background-position":"center center","background-size":"auto","background-attachment":"scroll","background-type":"","background-media":"","overlay-type":"","overlay-color":"","overlay-opacity":"","overlay-gradient":""},"tablet":{"background-color":"","background-image":"","background-repeat":"repeat","background-position":"center center","background-size":"auto","background-attachment":"scroll","background-type":"","background-media":"","overlay-type":"","overlay-color":"","overlay-opacity":"","overlay-gradient":""},"mobile":{"background-color":"","background-image":"","background-repeat":"repeat","background-position":"center center","background-size":"auto","background-attachment":"scroll","background-type":"","background-media":"","overlay-type":"","overlay-color":"","overlay-opacity":"","overlay-gradient":""}},"ast-content-background-meta":{"desktop":{"background-color":"var(--ast-global-color-5)","background-image":"","background-repeat":"repeat","background-position":"center center","background-size":"auto","background-attachment":"scroll","background-type":"","background-media":"","overlay-type":"","overlay-color":"","overlay-opacity":"","overlay-gradient":""},"tablet":{"background-color":"var(--ast-global-color-5)","background-image":"","background-repeat":"repeat","background-position":"center center","background-size":"auto","background-attachment":"scroll","background-type":"","background-media":"","overlay-type":"","overlay-color":"","overlay-opacity":"","overlay-gradient":""},"mobile":{"background-color":"var(--ast-global-color-5)","background-image":"","background-repeat":"repeat","background-position":"center center","background-size":"auto","background-attachment":"scroll","background-type":"","background-media":"","overlay-type":"","overlay-color":"","overlay-opacity":"","overlay-gradient":""}},"footnotes":""},"class_list":["post-2257","page","type-page","status-publish","hentry"],"uagb_featured_image_src":{"full":false,"thumbnail":false,"medium":false,"medium_large":false,"large":false,"1536x1536":false,"2048x2048":false,"trp-custom-language-flag":false},"uagb_author_info":{"display_name":"on.hosting0@gmail.com","author_link":"https:\/\/sorellaviveligero.com\/en\/author\/on-hosting0gmail-com\/"},"uagb_comment_info":0,"uagb_excerpt":"PREGUNTAS FRECUENTES FAQ \u00bfTienes alguna duda sobre nuestros espacios? \u00a1En esta secci\u00f3n de Preguntas frecuentes puede que encuentres la respuesta! Si no puedes contactarnos, estamos para resolver todas tus dudas.","_links":{"self":[{"href":"https:\/\/sorellaviveligero.com\/en\/wp-json\/wp\/v2\/pages\/2257","targetHints":{"allow":["GET"]}}],"collection":[{"href":"https:\/\/sorellaviveligero.com\/en\/wp-json\/wp\/v2\/pages"}],"about":[{"href":"https:\/\/sorellaviveligero.com\/en\/wp-json\/wp\/v2\/types\/page"}],"author":[{"embeddable":true,"href":"https:\/\/sorellaviveligero.com\/en\/wp-json\/wp\/v2\/users\/1"}],"replies":[{"embeddable":true,"href":"https:\/\/sorellaviveligero.com\/en\/wp-json\/wp\/v2\/comments?post=2257"}],"version-history":[{"count":69,"href":"https:\/\/sorellaviveligero.com\/en\/wp-json\/wp\/v2\/pages\/2257\/revisions"}],"predecessor-version":[{"id":4813,"href":"https:\/\/sorellaviveligero.com\/en\/wp-json\/wp\/v2\/pages\/2257\/revisions\/4813"}],"wp:attachment":[{"href":"https:\/\/sorellaviveligero.com\/en\/wp-json\/wp\/v2\/media?parent=2257"}],"curies":[{"name":"wp","href":"https:\/\/api.w.org\/{rel}","templated":true}]}}